{"id":67,"date":"2016-03-31T20:20:24","date_gmt":"2016-03-31T18:20:24","guid":{"rendered":"http:\/\/catalinadefoix.educacion.navarra.es\/web\/?page_id=67"},"modified":"2025-12-02T13:44:10","modified_gmt":"2025-12-02T12:44:10","slug":"nuestra-oferta-educativa","status":"publish","type":"page","link":"https:\/\/catalinadefoix.educacion.navarra.es\/web\/galeria\/nuestro-colegio\/nuestra-oferta-educativa\/","title":{"rendered":"Nuestra oferta educativa"},"content":{"rendered":"<p>El colegio Catalina de Foix ofrece el segundo ciclo de Educaci\u00f3n Infantil y la etapa de educaci\u00f3n primaria en el programa pluriling\u00fce PAI (Programa de aprendizaje de ingl\u00e9s).<\/p>\n<p>Tal como los estudios recientes en pluriling\u00fcismo indican, el \u00e9xito en la adquisici\u00f3n de un idioma depende del n\u00famero de horas de exposici\u00f3n a dicho idioma. Por ello en el colegio Catalina de Foix se imparte la mitad del horario lectivo en ingl\u00e9s y la otra mitad en castellano y, se introduce la ense\u00f1anza de un tercer idioma, franc\u00e9s, a partir de primero de primaria.<\/p>\n\n<table id=\"tablepress-4\" class=\"tablepress tablepress-id-4\">\n<tbody class=\"row-hover\">\n<tr class=\"row-1\">\n\t<td class=\"column-1\"><strong><span style=\"color: #0000ff;\">Sesiones por idioma<\/span><\/strong><\/td><td class=\"column-2\"><strong>CASTELLANO<\/strong><\/td><td class=\"column-3\"><strong>INGL\u00c9S<\/strong><\/td><td class=\"column-4\"><strong>FRANC\u00c9S<\/strong><\/td><td class=\"column-5\"><\/td>\n<\/tr>\n<tr class=\"row-2\">\n\t<td class=\"column-1\"><strong>E. INFANTIL<\/strong><\/td><td class=\"column-2\">14 sesiones<\/td><td class=\"column-3\">14 sesiones<\/td><td class=\"column-4\">--------------<\/td><td class=\"column-5\"><\/td>\n<\/tr>\n<tr class=\"row-3\">\n\t<td class=\"column-1\"><strong>1er CICLO PRIMARIA<\/strong><\/td><td class=\"column-2\"><\/td><td class=\"column-3\"><\/td><td class=\"column-4\"><\/td><td class=\"column-5\"><\/td>\n<\/tr>\n<tr class=\"row-4\">\n\t<td class=\"column-1\">Alumnado con franc\u00e9s<\/td><td class=\"column-2\">13 sesiones<\/td><td class=\"column-3\">13 sesiones<\/td><td class=\"column-4\">2 sesiones<\/td><td class=\"column-5\"><\/td>\n<\/tr>\n<tr class=\"row-5\">\n\t<td class=\"column-1\">Alumnado sin franc\u00e9s<\/td><td class=\"column-2\">14 sesiones<\/td><td class=\"column-3\">14 sesiones<\/td><td class=\"column-4\">---------------<\/td><td class=\"column-5\"><\/td>\n<\/tr>\n<tr class=\"row-6\">\n\t<td class=\"column-1\"><strong>2\u00ba CICLO PRIMARIA<\/strong><\/td><td class=\"column-2\"><\/td><td class=\"column-3\"><\/td><td class=\"column-4\"><\/td><td class=\"column-5\"><\/td>\n<\/tr>\n<tr class=\"row-7\">\n\t<td class=\"column-1\">Alumnado con franc\u00e9s<\/td><td class=\"column-2\">13 sesiones <\/td><td class=\"column-3\">13 sesiones<\/td><td class=\"column-4\">2 sesiones<\/td><td class=\"column-5\"><\/td>\n<\/tr>\n<tr class=\"row-8\">\n\t<td class=\"column-1\">Alumnado sin franc\u00e9s<\/td><td class=\"column-2\">14 sesiones<\/td><td class=\"column-3\">14 sesiones<\/td><td class=\"column-4\">---------------<\/td><td class=\"column-5\"><\/td>\n<\/tr>\n<tr class=\"row-9\">\n\t<td class=\"column-1\"><strong>3er CICLO PRIMARIA<\/strong><\/td><td class=\"column-2\"><\/td><td class=\"column-3\"><\/td><td class=\"column-4\"><\/td><td class=\"column-5\"><\/td>\n<\/tr>\n<tr class=\"row-10\">\n\t<td class=\"column-1\">Alumnado con franc\u00e9s<\/td><td class=\"column-2\">13 sesiones<\/td><td class=\"column-3\">13 sesiones<\/td><td class=\"column-4\">2 sesiones<\/td><td class=\"column-5\"><\/td>\n<\/tr>\n<tr class=\"row-11\">\n\t<td class=\"column-1\">Alumnado sin franc\u00e9s<\/td><td class=\"column-2\">14 sesiones<\/td><td class=\"column-3\">14 sesiones<\/td><td class=\"column-4\">--------------<\/td><td class=\"column-5\"><\/td>\n<\/tr>\n<\/tbody>\n<\/table>\n<!-- #tablepress-4 from cache -->\n","protected":false},"excerpt":{"rendered":"<p>El colegio Catalina de Foix ofrece el segundo ciclo de Educaci\u00f3n Infantil y la etapa de educaci\u00f3n primaria en el programa pluriling\u00fce PAI (Programa de aprendizaje de ingl\u00e9s). Tal como los estudios recientes en pluriling\u00fcismo indican, el \u00e9xito en la adquisici\u00f3n de un idioma depende del n\u00famero de horas de exposici\u00f3n a dicho idioma. Por [&hellip;]<\/p>\n","protected":false},"author":1,"featured_media":0,"parent":59,"menu_order":0,"comment_status":"closed","ping_status":"closed","template":"","meta":{"_genesis_hide_title":false,"_genesis_hide_breadcrumbs":false,"_genesis_hide_singular_image":false,"_genesis_hide_footer_widgets":false,"_genesis_custom_body_class":"","_genesis_custom_post_class":"","_genesis_layout":"full-width-content"},"_links":{"self":[{"href":"https:\/\/catalinadefoix.educacion.navarra.es\/web\/wp-json\/wp\/v2\/pages\/67"}],"collection":[{"href":"https:\/\/catalinadefoix.educacion.navarra.es\/web\/wp-json\/wp\/v2\/pages"}],"about":[{"href":"https:\/\/catalinadefoix.educacion.navarra.es\/web\/wp-json\/wp\/v2\/types\/page"}],"author":[{"embeddable":true,"href":"https:\/\/catalinadefoix.educacion.navarra.es\/web\/wp-json\/wp\/v2\/users\/1"}],"replies":[{"embeddable":true,"href":"https:\/\/catalinadefoix.educacion.navarra.es\/web\/wp-json\/wp\/v2\/comments?post=67"}],"version-history":[{"count":8,"href":"https:\/\/catalinadefoix.educacion.navarra.es\/web\/wp-json\/wp\/v2\/pages\/67\/revisions"}],"predecessor-version":[{"id":8223,"href":"https:\/\/catalinadefoix.educacion.navarra.es\/web\/wp-json\/wp\/v2\/pages\/67\/revisions\/8223"}],"up":[{"embeddable":true,"href":"https:\/\/catalinadefoix.educacion.navarra.es\/web\/wp-json\/wp\/v2\/pages\/59"}],"wp:attachment":[{"href":"https:\/\/catalinadefoix.educacion.navarra.es\/web\/wp-json\/wp\/v2\/media?parent=67"}],"curies":[{"name":"wp","href":"https:\/\/api.w.org\/{rel}","templated":true}]}}