{"id":61,"date":"2016-03-31T20:03:55","date_gmt":"2016-03-31T18:03:55","guid":{"rendered":"http:\/\/catalinadefoix.educacion.navarra.es\/web\/?page_id=61"},"modified":"2023-10-16T10:43:36","modified_gmt":"2023-10-16T08:43:36","slug":"bienvenida-de-la-directora","status":"publish","type":"page","link":"https:\/\/catalinadefoix.educacion.navarra.es\/web\/galeria\/nuestro-colegio\/bienvenida-de-la-directora\/","title":{"rendered":"Bienvenida del director"},"content":{"rendered":"<p>Muchas gracias por visitar la web del CP Catalina de Foix.<\/p>\n<p>Como director del colegio os quiero dar la bienvenida a un centro p\u00fablico con una apuesta pedag\u00f3gica concreta que hemos construido entre toda la comunidad educativa. Este centro abarca la etapa de Infantil y la de Primaria, es decir, de 3 a 12 a\u00f1os. El modelo G marcar\u00e1 nuestro itinerario ling\u00fc\u00edstico que lo complementar\u00e1 un programa PAI en el que el 50% de las sesiones son en ingl\u00e9s.<\/p>\n<p>El alumnado se convierte en este nuestro colegio, en el centro de atenci\u00f3n. Desde una l\u00ednea de aprendizaje cooperativo y a trav\u00e9s de metodolog\u00edas activas, el proceso de ense\u00f1anza aprendizaje se convierte en una experiencia en el que nuestro alumnado recibir\u00e1 una educaci\u00f3n integral, rica en valores y llena de emociones. El profesorado recibe una formaci\u00f3n continua relacionada con nuestra l\u00ednea pedag\u00f3gica y que busca la coordinaci\u00f3n en todos los niveles.<\/p>\n<p>La comunidad educativa la conformamos todos y todas. Empezando por nuestro alumnado, el profesorado y las familias son parte esencial sin olvidar a las diferentes entidades de Zizur, as\u00ed como nuestra APYMA.<\/p>\n<p>Bienvenidos y bienvenidas a nuestro centro, vuestro centro, el Colegio P\u00fablico Catalina de Foix.<\/p>\n<p>El director, Roberto Jim\u00e9nez Elizalde.<\/p>\n","protected":false},"excerpt":{"rendered":"<p>Muchas gracias por visitar la web del CP Catalina de Foix. Como director del colegio os quiero dar la bienvenida a un centro p\u00fablico con una apuesta pedag\u00f3gica concreta que hemos construido entre toda la comunidad educativa. Este centro abarca la etapa de Infantil y la de Primaria, es decir, de 3 a 12 a\u00f1os. [&hellip;]<\/p>\n","protected":false},"author":1,"featured_media":0,"parent":59,"menu_order":0,"comment_status":"closed","ping_status":"closed","template":"","meta":{"_genesis_hide_title":false,"_genesis_hide_breadcrumbs":false,"_genesis_hide_singular_image":false,"_genesis_hide_footer_widgets":false,"_genesis_custom_body_class":"","_genesis_custom_post_class":"","_genesis_layout":"full-width-content"},"_links":{"self":[{"href":"https:\/\/catalinadefoix.educacion.navarra.es\/web\/wp-json\/wp\/v2\/pages\/61"}],"collection":[{"href":"https:\/\/catalinadefoix.educacion.navarra.es\/web\/wp-json\/wp\/v2\/pages"}],"about":[{"href":"https:\/\/catalinadefoix.educacion.navarra.es\/web\/wp-json\/wp\/v2\/types\/page"}],"author":[{"embeddable":true,"href":"https:\/\/catalinadefoix.educacion.navarra.es\/web\/wp-json\/wp\/v2\/users\/1"}],"replies":[{"embeddable":true,"href":"https:\/\/catalinadefoix.educacion.navarra.es\/web\/wp-json\/wp\/v2\/comments?post=61"}],"version-history":[{"count":24,"href":"https:\/\/catalinadefoix.educacion.navarra.es\/web\/wp-json\/wp\/v2\/pages\/61\/revisions"}],"predecessor-version":[{"id":7229,"href":"https:\/\/catalinadefoix.educacion.navarra.es\/web\/wp-json\/wp\/v2\/pages\/61\/revisions\/7229"}],"up":[{"embeddable":true,"href":"https:\/\/catalinadefoix.educacion.navarra.es\/web\/wp-json\/wp\/v2\/pages\/59"}],"wp:attachment":[{"href":"https:\/\/catalinadefoix.educacion.navarra.es\/web\/wp-json\/wp\/v2\/media?parent=61"}],"curies":[{"name":"wp","href":"https:\/\/api.w.org\/{rel}","templated":true}]}}