{"id":484,"date":"2016-06-16T18:56:37","date_gmt":"2016-06-16T16:56:37","guid":{"rendered":"http:\/\/catalinadefoix.educacion.navarra.es\/web\/?page_id=484"},"modified":"2024-09-12T13:12:33","modified_gmt":"2024-09-12T11:12:33","slug":"guarderia","status":"publish","type":"page","link":"https:\/\/catalinadefoix.educacion.navarra.es\/web\/galeria\/servicios\/guarderia\/","title":{"rendered":"Aula matinal"},"content":{"rendered":"<p style=\"text-align: justify;\"><img loading=\"lazy\" class=\" wp-image-3740 alignleft\" src=\"http:\/\/catalinadefoix.educacion.navarra.es\/web\/wp-content\/uploads\/2018\/08\/A_Extraescolares-150x150.jpg\" alt=\"\" width=\"152\" height=\"152\" \/><\/p>\n<div>\u00a0<\/div>\n<div style=\"text-align: left;\">El servicio de aula matinal est\u00e1 gestionado por la APYMA del centro. Este servicio funciona en horario de 7:30 a 9:00 AM. Durante ese tiempo los ni\u00f1os y ni\u00f1as son atendidas por una persona contratada (que suele pertenecer a la misma empresa que lleva el servicio de comedor) y llevan a cabo diversas actividades l\u00fadicas. Adem\u00e1s los ni\u00f1os y ni\u00f1as de cursos superiores pueden aprovechar para terminar tareas o dar repasos de asignaturas.<\/div>\n<div>\u00a0<\/div>\n<div style=\"text-align: center;\"><a href=\"https:\/\/drive.google.com\/file\/d\/11o-cyHJBVaa9ey-Bf49TMy433Vfjuo8U\/view?usp=sharing\" target=\"_blank\" rel=\"noopener\"><strong>NORMATIVA\u00a0<\/strong><\/a><\/div>\n<div>\u00a0<\/div>\n<p style=\"text-align: center;\">\u00a0<\/p>\n<p><strong>\u00a0\u00a0<\/strong><\/p>\n\n\n<p><\/p>\n","protected":false},"excerpt":{"rendered":"<p>\u00a0 El servicio de aula matinal est\u00e1 gestionado por la APYMA del centro. Este servicio funciona en horario de 7:30 a 9:00 AM. Durante ese tiempo los ni\u00f1os y ni\u00f1as son atendidas por una persona contratada (que suele pertenecer a la misma empresa que lleva el servicio de comedor) y llevan a cabo diversas actividades [&hellip;]<\/p>\n","protected":false},"author":1,"featured_media":0,"parent":2638,"menu_order":0,"comment_status":"closed","ping_status":"closed","template":"","meta":{"_genesis_hide_title":false,"_genesis_hide_breadcrumbs":false,"_genesis_hide_singular_image":false,"_genesis_hide_footer_widgets":false,"_genesis_custom_body_class":"","_genesis_custom_post_class":"","_genesis_layout":"full-width-content"},"_links":{"self":[{"href":"https:\/\/catalinadefoix.educacion.navarra.es\/web\/wp-json\/wp\/v2\/pages\/484"}],"collection":[{"href":"https:\/\/catalinadefoix.educacion.navarra.es\/web\/wp-json\/wp\/v2\/pages"}],"about":[{"href":"https:\/\/catalinadefoix.educacion.navarra.es\/web\/wp-json\/wp\/v2\/types\/page"}],"author":[{"embeddable":true,"href":"https:\/\/catalinadefoix.educacion.navarra.es\/web\/wp-json\/wp\/v2\/users\/1"}],"replies":[{"embeddable":true,"href":"https:\/\/catalinadefoix.educacion.navarra.es\/web\/wp-json\/wp\/v2\/comments?post=484"}],"version-history":[{"count":48,"href":"https:\/\/catalinadefoix.educacion.navarra.es\/web\/wp-json\/wp\/v2\/pages\/484\/revisions"}],"predecessor-version":[{"id":7663,"href":"https:\/\/catalinadefoix.educacion.navarra.es\/web\/wp-json\/wp\/v2\/pages\/484\/revisions\/7663"}],"up":[{"embeddable":true,"href":"https:\/\/catalinadefoix.educacion.navarra.es\/web\/wp-json\/wp\/v2\/pages\/2638"}],"wp:attachment":[{"href":"https:\/\/catalinadefoix.educacion.navarra.es\/web\/wp-json\/wp\/v2\/media?parent=484"}],"curies":[{"name":"wp","href":"https:\/\/api.w.org\/{rel}","templated":true}]}}